{"id":3623,"date":"2021-05-31T12:43:35","date_gmt":"2021-05-31T12:43:35","guid":{"rendered":"https:\/\/viktor-solothurn.ch\/ueber-uns\/"},"modified":"2023-10-17T05:38:19","modified_gmt":"2023-10-17T05:38:19","slug":"nous","status":"publish","type":"page","link":"https:\/\/viktor-solothurn.ch\/fr\/nous\/","title":{"rendered":"Nous"},"content":{"rendered":"","protected":false},"excerpt":{"rendered":"","protected":false},"author":1,"featured_media":0,"parent":0,"menu_order":36,"comment_status":"closed","ping_status":"closed","template":"views\/template-subpage.blade.php","meta":{"_acf_changed":false,"inline_featured_image":false},"class_list":["post-3623","page","type-page","status-publish","hentry"],"acf":{"text-header":{"text":"<h1>\u00dcber uns<\/h1>\n<p class=\"lead\">Wir sind Teil der Genossenschaft Baseltor, eine lokale Hotel- und Restaurantgruppe mit 120 Mitarbeitenden, die in Solothurn seit \u00fcber 40 Jahre Akzente und neue Massst\u00e4be setzt und bei welcher der Mensch und das Leben im Zentrum stehen.<\/p>\n<p>&nbsp;<\/p>\n<h2>Deine Gastgeber:innen<\/h2>\n<p>Gesch\u00e4ftsf\u00fchrerin Sabrina Knittel heisst Dich gemeinsam mit ihrem jungen Team, welches aus Vollzeit- wie auch Teilzeit-Mitarbeitenden besteht, im Solheure herzlich willkommen. Sie ist Deine Ansprechpartnerin in allgemeinen Belangen vom Haar in der Suppe bis zu Deiner Event-Idee. Planst Du einen Anlass, ein Ap\u00e9ro oder ein Bankett, dann setze Dich direkt mit Kathrin vom Event-Team in Verbindung.<\/p>\n"},"text_header":{"text-header":{"text":"<h1>\u00dcber uns<\/h1>\n<p class=\"lead\">Wir sind Teil der Genossenschaft Baseltor, eine lokale Hotel- und Restaurantgruppe mit 120 Mitarbeitenden, die in Solothurn seit \u00fcber 40 Jahre Akzente und neue Massst\u00e4be setzt und bei welcher der Mensch und das Leben im Zentrum stehen.<\/p>\n<p>&nbsp;<\/p>\n<h2>Deine Gastgeber:innen<\/h2>\n<p>Gesch\u00e4ftsf\u00fchrerin Sabrina Knittel heisst Dich gemeinsam mit ihrem jungen Team, welches aus Vollzeit- wie auch Teilzeit-Mitarbeitenden besteht, im Solheure herzlich willkommen. Sie ist Deine Ansprechpartnerin in allgemeinen Belangen vom Haar in der Suppe bis zu Deiner Event-Idee. Planst Du einen Anlass, ein Ap\u00e9ro oder ein Bankett, dann setze Dich direkt mit Kathrin vom Event-Team in Verbindung.<\/p>\n"}},"elements":[{"acf_fc_layout":"link-teaser","link-teaser":{"":null,"teaser_per_row":false,"lead":"<h2>Tes personnes de contact<\/h2>\n","teasers":[{"tagline":"H\u00f4te","title":"Yves","image":{"ID":4473,"id":4473,"title":"211112_087_SvG_w-aspect-ratio-509-352-1","filename":"211112_087_SvG_w-aspect-ratio-509-352-1.jpg","filesize":191691,"url":"https:\/\/viktor-solothurn.ch\/app\/uploads\/2023\/10\/211112_087_SvG_w-aspect-ratio-509-352-1.jpg","link":"https:\/\/viktor-solothurn.ch\/fr\/nous\/211112_087_svg_w-aspect-ratio-509-352-1-2\/","alt":"","author":"3","description":"","caption":"","name":"211112_087_svg_w-aspect-ratio-509-352-1-2","status":"inherit","uploaded_to":3623,"date":"2023-10-17 05:36:41","modified":"2023-10-17 05:36:41","menu_order":0,"mime_type":"image\/jpeg","type":"image","subtype":"jpeg","icon":"https:\/\/viktor-solothurn.ch\/wp\/wp-includes\/images\/media\/default.png","width":1667,"height":1153,"sizes":{"thumbnail":"https:\/\/viktor-solothurn.ch\/app\/uploads\/2023\/10\/211112_087_SvG_w-aspect-ratio-509-352-1-150x150.jpg","thumbnail-width":150,"thumbnail-height":150,"medium":"https:\/\/viktor-solothurn.ch\/app\/uploads\/2023\/10\/211112_087_SvG_w-aspect-ratio-509-352-1-300x207.jpg","medium-width":300,"medium-height":207,"medium_large":"https:\/\/viktor-solothurn.ch\/app\/uploads\/2023\/10\/211112_087_SvG_w-aspect-ratio-509-352-1-768x531.jpg","medium_large-width":768,"medium_large-height":531,"large":"https:\/\/viktor-solothurn.ch\/app\/uploads\/2023\/10\/211112_087_SvG_w-aspect-ratio-509-352-1-1024x708.jpg","large-width":1024,"large-height":708,"1536x1536":"https:\/\/viktor-solothurn.ch\/app\/uploads\/2023\/10\/211112_087_SvG_w-aspect-ratio-509-352-1-1536x1062.jpg","1536x1536-width":1536,"1536x1536-height":1062,"2048x2048":"https:\/\/viktor-solothurn.ch\/app\/uploads\/2023\/10\/211112_087_SvG_w-aspect-ratio-509-352-1.jpg","2048x2048-width":1667,"2048x2048-height":1153},"original_image":null},"text":"<p>Yves ne g\u00e8re pas seulement le lieu, mais aussi ta commande de caf\u00e9 et te pr\u00e9pare ton d\u00e9jeuner. Tu as des questions ? Alors n&#8217;h\u00e9site pas \u00e0 t&#8217;adresser \u00e0 lui &#8211; en direct ou par e-mail.<\/p>\n","link":{"title":"Mail","url":"mailto:info@viktor-solothurn.ch","target":"_blank"}}]}}],"home_elements":{"elements":[{"acf_fc_layout":"link-teaser","link-teaser":{"":null,"teaser_per_row":false,"lead":"<h2>Tes personnes de contact<\/h2>\n","teasers":[{"tagline":"H\u00f4te","title":"Yves","image":{"ID":4473,"id":4473,"title":"211112_087_SvG_w-aspect-ratio-509-352-1","filename":"211112_087_SvG_w-aspect-ratio-509-352-1.jpg","filesize":191691,"url":"https:\/\/viktor-solothurn.ch\/app\/uploads\/2023\/10\/211112_087_SvG_w-aspect-ratio-509-352-1.jpg","link":"https:\/\/viktor-solothurn.ch\/fr\/nous\/211112_087_svg_w-aspect-ratio-509-352-1-2\/","alt":"","author":"3","description":"","caption":"","name":"211112_087_svg_w-aspect-ratio-509-352-1-2","status":"inherit","uploaded_to":3623,"date":"2023-10-17 05:36:41","modified":"2023-10-17 05:36:41","menu_order":0,"mime_type":"image\/jpeg","type":"image","subtype":"jpeg","icon":"https:\/\/viktor-solothurn.ch\/wp\/wp-includes\/images\/media\/default.png","width":1667,"height":1153,"sizes":{"thumbnail":"https:\/\/viktor-solothurn.ch\/app\/uploads\/2023\/10\/211112_087_SvG_w-aspect-ratio-509-352-1-150x150.jpg","thumbnail-width":150,"thumbnail-height":150,"medium":"https:\/\/viktor-solothurn.ch\/app\/uploads\/2023\/10\/211112_087_SvG_w-aspect-ratio-509-352-1-300x207.jpg","medium-width":300,"medium-height":207,"medium_large":"https:\/\/viktor-solothurn.ch\/app\/uploads\/2023\/10\/211112_087_SvG_w-aspect-ratio-509-352-1-768x531.jpg","medium_large-width":768,"medium_large-height":531,"large":"https:\/\/viktor-solothurn.ch\/app\/uploads\/2023\/10\/211112_087_SvG_w-aspect-ratio-509-352-1-1024x708.jpg","large-width":1024,"large-height":708,"1536x1536":"https:\/\/viktor-solothurn.ch\/app\/uploads\/2023\/10\/211112_087_SvG_w-aspect-ratio-509-352-1-1536x1062.jpg","1536x1536-width":1536,"1536x1536-height":1062,"2048x2048":"https:\/\/viktor-solothurn.ch\/app\/uploads\/2023\/10\/211112_087_SvG_w-aspect-ratio-509-352-1.jpg","2048x2048-width":1667,"2048x2048-height":1153},"original_image":null},"text":"<p>Yves ne g\u00e8re pas seulement le lieu, mais aussi ta commande de caf\u00e9 et te pr\u00e9pare ton d\u00e9jeuner. Tu as des questions ? Alors n&#8217;h\u00e9site pas \u00e0 t&#8217;adresser \u00e0 lui &#8211; en direct ou par e-mail.<\/p>\n","link":{"title":"Mail","url":"mailto:info@viktor-solothurn.ch","target":"_blank"}}]}}]},"seo":{"active":true,"title":"","text":"","image":false,"keywords":""},"subpage_entry":{"title":"<h1>Nous<\/h1>\n","text-sections":[{"subtitle":"Au c\u0153ur de la vieille ville attractive et vivante de Soleure","text":"<p><span style=\"font-weight: 400;\">Avec le Viktor, la coop\u00e9rative Baseltor contribue une fois de plus \u00e0 donner \u00e0 la vieille ville une ambiance anim\u00e9e et attrayante. Par ailleurs, l\u2019investissement dans le b\u00e2timent historique de la Gurzelngasse 1 permet \u00e9galement de revaloriser la place du march\u00e9. Viktor est un caf\u00e9-bar et propose toute la journ\u00e9e le plat ad\u00e9quat, du caf\u00e9 et des croissants le matin aux snacks frais comme la savoureuse tranche Viktor, la quiche juteuse \u00e0 partir d&#8217;un peu avant midi et les planchettes ap\u00e9ro color\u00e9es pour le rendez-vous de fin de journ\u00e9e. Notre vaste s\u00e9lection de boissons compl\u00e8te id\u00e9alement notre carte et, en plus des schorles maison, s\u2019appuie \u00e9galement sur de nombreux produits locaux.<\/span><\/p>\n"}],"link-lists":false,"image-element":{"image":{"ID":4259,"id":4259,"title":"_MP_3289","filename":"MP_3289.jpg","filesize":3182062,"url":"https:\/\/viktor-solothurn.ch\/app\/uploads\/2023\/06\/MP_3289.jpg","link":"https:\/\/viktor-solothurn.ch\/fr\/home\/_mp_3289-2\/","alt":"","author":"4","description":"","caption":"","name":"_mp_3289-2","status":"inherit","uploaded_to":3599,"date":"2023-06-02 08:15:46","modified":"2023-06-02 08:15:46","menu_order":0,"mime_type":"image\/jpeg","type":"image","subtype":"jpeg","icon":"https:\/\/viktor-solothurn.ch\/wp\/wp-includes\/images\/media\/default.png","width":2500,"height":1667,"sizes":{"thumbnail":"https:\/\/viktor-solothurn.ch\/app\/uploads\/2023\/06\/MP_3289-150x150.jpg","thumbnail-width":150,"thumbnail-height":150,"medium":"https:\/\/viktor-solothurn.ch\/app\/uploads\/2023\/06\/MP_3289-300x200.jpg","medium-width":300,"medium-height":200,"medium_large":"https:\/\/viktor-solothurn.ch\/app\/uploads\/2023\/06\/MP_3289-768x512.jpg","medium_large-width":768,"medium_large-height":512,"large":"https:\/\/viktor-solothurn.ch\/app\/uploads\/2023\/06\/MP_3289-1024x683.jpg","large-width":1024,"large-height":683,"1536x1536":"https:\/\/viktor-solothurn.ch\/app\/uploads\/2023\/06\/MP_3289-1536x1024.jpg","1536x1536-width":1536,"1536x1536-height":1024,"2048x2048":"https:\/\/viktor-solothurn.ch\/app\/uploads\/2023\/06\/MP_3289-2048x1366.jpg","2048x2048-width":2048,"2048x2048-height":1366}},"caption":""}},"subpage_elements":{"elements":[{"acf_fc_layout":"link-teaser","link-teaser":{"":null,"teaser_per_row":false,"lead":"<h2>Tes personnes de contact<\/h2>\n","teasers":[{"tagline":"H\u00f4te","title":"Yves","image":{"ID":4473,"id":4473,"title":"211112_087_SvG_w-aspect-ratio-509-352-1","filename":"211112_087_SvG_w-aspect-ratio-509-352-1.jpg","filesize":191691,"url":"https:\/\/viktor-solothurn.ch\/app\/uploads\/2023\/10\/211112_087_SvG_w-aspect-ratio-509-352-1.jpg","link":"https:\/\/viktor-solothurn.ch\/fr\/nous\/211112_087_svg_w-aspect-ratio-509-352-1-2\/","alt":"","author":"3","description":"","caption":"","name":"211112_087_svg_w-aspect-ratio-509-352-1-2","status":"inherit","uploaded_to":3623,"date":"2023-10-17 05:36:41","modified":"2023-10-17 05:36:41","menu_order":0,"mime_type":"image\/jpeg","type":"image","subtype":"jpeg","icon":"https:\/\/viktor-solothurn.ch\/wp\/wp-includes\/images\/media\/default.png","width":1667,"height":1153,"sizes":{"thumbnail":"https:\/\/viktor-solothurn.ch\/app\/uploads\/2023\/10\/211112_087_SvG_w-aspect-ratio-509-352-1-150x150.jpg","thumbnail-width":150,"thumbnail-height":150,"medium":"https:\/\/viktor-solothurn.ch\/app\/uploads\/2023\/10\/211112_087_SvG_w-aspect-ratio-509-352-1-300x207.jpg","medium-width":300,"medium-height":207,"medium_large":"https:\/\/viktor-solothurn.ch\/app\/uploads\/2023\/10\/211112_087_SvG_w-aspect-ratio-509-352-1-768x531.jpg","medium_large-width":768,"medium_large-height":531,"large":"https:\/\/viktor-solothurn.ch\/app\/uploads\/2023\/10\/211112_087_SvG_w-aspect-ratio-509-352-1-1024x708.jpg","large-width":1024,"large-height":708,"1536x1536":"https:\/\/viktor-solothurn.ch\/app\/uploads\/2023\/10\/211112_087_SvG_w-aspect-ratio-509-352-1-1536x1062.jpg","1536x1536-width":1536,"1536x1536-height":1062,"2048x2048":"https:\/\/viktor-solothurn.ch\/app\/uploads\/2023\/10\/211112_087_SvG_w-aspect-ratio-509-352-1.jpg","2048x2048-width":1667,"2048x2048-height":1153},"original_image":null},"text":"<p>Yves ne g\u00e8re pas seulement le lieu, mais aussi ta commande de caf\u00e9 et te pr\u00e9pare ton d\u00e9jeuner. Tu as des questions ? Alors n&#8217;h\u00e9site pas \u00e0 t&#8217;adresser \u00e0 lui &#8211; en direct ou par e-mail.<\/p>\n","link":{"title":"Mail","url":"mailto:info@viktor-solothurn.ch","target":"_blank"}}]}}]}},"_links":{"self":[{"href":"https:\/\/viktor-solothurn.ch\/fr\/wp-json\/wp\/v2\/pages\/3623","targetHints":{"allow":["GET"]}}],"collection":[{"href":"https:\/\/viktor-solothurn.ch\/fr\/wp-json\/wp\/v2\/pages"}],"about":[{"href":"https:\/\/viktor-solothurn.ch\/fr\/wp-json\/wp\/v2\/types\/page"}],"author":[{"embeddable":true,"href":"https:\/\/viktor-solothurn.ch\/fr\/wp-json\/wp\/v2\/users\/1"}],"replies":[{"embeddable":true,"href":"https:\/\/viktor-solothurn.ch\/fr\/wp-json\/wp\/v2\/comments?post=3623"}],"version-history":[{"count":6,"href":"https:\/\/viktor-solothurn.ch\/fr\/wp-json\/wp\/v2\/pages\/3623\/revisions"}],"predecessor-version":[{"id":4475,"href":"https:\/\/viktor-solothurn.ch\/fr\/wp-json\/wp\/v2\/pages\/3623\/revisions\/4475"}],"wp:attachment":[{"href":"https:\/\/viktor-solothurn.ch\/fr\/wp-json\/wp\/v2\/media?parent=3623"}],"curies":[{"name":"wp","href":"https:\/\/api.w.org\/{rel}","templated":true}]}}