{"id":3626,"date":"2021-08-25T12:54:46","date_gmt":"2021-08-25T12:54:46","guid":{"rendered":"https:\/\/viktor-solothurn.ch\/kontakt\/"},"modified":"2021-12-13T20:00:45","modified_gmt":"2021-12-13T20:00:45","slug":"contact","status":"publish","type":"page","link":"https:\/\/viktor-solothurn.ch\/fr\/contact\/","title":{"rendered":"Contact"},"content":{"rendered":"","protected":false},"excerpt":{"rendered":"","protected":false},"author":1,"featured_media":0,"parent":0,"menu_order":38,"comment_status":"closed","ping_status":"closed","template":"views\/template-contact.blade.php","meta":{"_acf_changed":false,"inline_featured_image":false},"class_list":["post-3626","page","type-page","status-publish","hentry"],"acf":{"contact_entry":{"lead":"<h1>Contact<\/h1>\n<p>Viktor<br \/>\nGurzelngasse 1<br \/>\n4500 Solothurn<br \/>\nSuisse<\/p>\n<p>M info@viktor-solothurn.ch<br \/>\nT +41 32 622 01 14<\/p>\n<h2>Comment nous trouver<\/h2>\n<p>Viktor se trouve sur la place du march\u00e9, au c\u0153ur de la vieille ville de Soleure. Avec les transports publics, tu peux nous rejoindre en passant par la gare centrale, puis \u00e0 pied en dix bonnes minutes, ou bien tu peux prendre le bus jusqu&#8217;\u00e0 l&#8217;Amthausplatz, d&#8217;o\u00f9 nous ne sommes plus qu&#8217;\u00e0 un saut de puce. C&#8217;est \u00e9galement l\u00e0 que se trouve le parking Bieltor, le plus proche de chez nous. Mais le parking Baseltor n&#8217;est pas non plus tr\u00e8s loin de chez nous.<\/p>\n","text-sections":false},"seo":{"active":true,"title":"","text":"","image":false,"keywords":""},"map":{"address":"Viktor, Gurzelngasse, Solothurn, Schweiz","lat":47.20786540000000286454451270401477813720703125,"lng":7.53653989999999840421196495299227535724639892578125,"zoom":16,"place_id":"ChIJD11mVhHXkUcRFjQ7UwbkPhk","name":"Viktor","street_number":"1","street_name":"Gurzelngasse","city":"Solothurn","state":"Solothurn","state_short":"SO","post_code":"4500","country":"Schweiz","country_short":"CH"},"elements":[{"acf_fc_layout":"contact-form","contact-form":{"title":"<h2>Tu as des questions ?<\/h2>\n","subject":"Kontakt"}}],"contact_elements":{"elements":[{"acf_fc_layout":"contact-form","contact-form":{"title":"<h2>Tu as des questions ?<\/h2>\n","subject":"Kontakt"}}]}},"_links":{"self":[{"href":"https:\/\/viktor-solothurn.ch\/fr\/wp-json\/wp\/v2\/pages\/3626","targetHints":{"allow":["GET"]}}],"collection":[{"href":"https:\/\/viktor-solothurn.ch\/fr\/wp-json\/wp\/v2\/pages"}],"about":[{"href":"https:\/\/viktor-solothurn.ch\/fr\/wp-json\/wp\/v2\/types\/page"}],"author":[{"embeddable":true,"href":"https:\/\/viktor-solothurn.ch\/fr\/wp-json\/wp\/v2\/users\/1"}],"replies":[{"embeddable":true,"href":"https:\/\/viktor-solothurn.ch\/fr\/wp-json\/wp\/v2\/comments?post=3626"}],"version-history":[{"count":1,"href":"https:\/\/viktor-solothurn.ch\/fr\/wp-json\/wp\/v2\/pages\/3626\/revisions"}],"predecessor-version":[{"id":3627,"href":"https:\/\/viktor-solothurn.ch\/fr\/wp-json\/wp\/v2\/pages\/3626\/revisions\/3627"}],"wp:attachment":[{"href":"https:\/\/viktor-solothurn.ch\/fr\/wp-json\/wp\/v2\/media?parent=3626"}],"curies":[{"name":"wp","href":"https:\/\/api.w.org\/{rel}","templated":true}]}}