{"id":3628,"date":"2021-10-05T11:59:18","date_gmt":"2021-10-05T11:59:18","guid":{"rendered":"https:\/\/viktor-solothurn.ch\/oeffnungszeiten\/"},"modified":"2024-11-04T13:05:13","modified_gmt":"2024-11-04T13:05:13","slug":"horaires-douverture","status":"publish","type":"page","link":"https:\/\/viktor-solothurn.ch\/fr\/horaires-douverture\/","title":{"rendered":"Horaires d&#8217;ouverture"},"content":{"rendered":"","protected":false},"excerpt":{"rendered":"","protected":false},"author":2,"featured_media":0,"parent":0,"menu_order":43,"comment_status":"closed","ping_status":"closed","template":"views\/template-custom.blade.php","meta":{"_acf_changed":false,"inline_featured_image":false},"class_list":["post-3628","page","type-page","status-publish","hentry"],"acf":{"text-header":{"text":"<h1>Horaires d&#8217;ouverture<\/h1>\n<p>Bienvenue! Pendant la journ\u00e9e, nous t&#8217;accueillons avec du caf\u00e9, des croissants frais et des p\u00e2tisseries maison. Peu avant midi, nous te servirons des quiches maison, des tartines savoureuses, des planchettes ap\u00e9ro color\u00e9es et des salades croquantes.<\/p>\n"},"text_header":{"text-header":{"text":"<h1>Horaires d&#8217;ouverture<\/h1>\n<p>Bienvenue! Pendant la journ\u00e9e, nous t&#8217;accueillons avec du caf\u00e9, des croissants frais et des p\u00e2tisseries maison. Peu avant midi, nous te servirons des quiches maison, des tartines savoureuses, des planchettes ap\u00e9ro color\u00e9es et des salades croquantes.<\/p>\n"}},"elements":[{"acf_fc_layout":"image-text-teaser","image-text-teaser":{"placement-image":"left","background":"false","":null,"text":"<h2>Horaires d&#8217;ouverture<\/h2>\n<p>Lundi : 09.00 \u00e0 18.30<br \/>\nMardi : ferm\u00e9<br \/>\nMercredi : 09.00 \u00e0 18.30<br \/>\nJeudi : 09.00 \u00e0 18.30<br \/>\nVendredi : 09.00 \u00e0 18.30<br \/>\nSamedi : 08.00 \u00e0 18.30<br \/>\nDimanche : ferm\u00e9<\/p>\n<p>&nbsp;<\/p>\n<p><a href=\"https:\/\/viktor-solothurn.ch\/oeffnungszeiten\/\">Heures d&#8217;ouverture sp\u00e9ciales<\/a><\/p>\n<p>&nbsp;<\/p>\n<p><strong>Louer Viktor en exclusivit\u00e9<\/strong><br \/>\nViktor est id\u00e9al pour les petits groupes et peut \u00eatre lou\u00e9 en exclusivit\u00e9, m\u00eame en dehors des heures d&#8217;ouverture. Toutes les informations <a href=\"https:\/\/viktor-solothurn.ch\/fr\/manger-et-boire\/apero\/\" target=\"_blank\" rel=\"noopener\">ici<\/a><\/p>\n","link":"","image":{"ID":4363,"id":4363,"title":"MP_3695-aspect-ratio-630-630","filename":"MP_3695-aspect-ratio-630-630-2.jpg","filesize":463519,"url":"https:\/\/viktor-solothurn.ch\/app\/uploads\/2023\/06\/MP_3695-aspect-ratio-630-630-2.jpg","link":"https:\/\/viktor-solothurn.ch\/fr\/horaires-douverture\/mp_3695-aspect-ratio-630-630\/","alt":"","author":"4","description":"","caption":"","name":"mp_3695-aspect-ratio-630-630","status":"inherit","uploaded_to":3628,"date":"2023-06-02 08:55:54","modified":"2023-06-02 08:56:31","menu_order":0,"mime_type":"image\/jpeg","type":"image","subtype":"jpeg","icon":"https:\/\/viktor-solothurn.ch\/wp\/wp-includes\/images\/media\/default.png","width":1667,"height":1667,"sizes":{"thumbnail":"https:\/\/viktor-solothurn.ch\/app\/uploads\/2023\/06\/MP_3695-aspect-ratio-630-630-2-150x150.jpg","thumbnail-width":150,"thumbnail-height":150,"medium":"https:\/\/viktor-solothurn.ch\/app\/uploads\/2023\/06\/MP_3695-aspect-ratio-630-630-2-300x300.jpg","medium-width":300,"medium-height":300,"medium_large":"https:\/\/viktor-solothurn.ch\/app\/uploads\/2023\/06\/MP_3695-aspect-ratio-630-630-2-768x768.jpg","medium_large-width":768,"medium_large-height":768,"large":"https:\/\/viktor-solothurn.ch\/app\/uploads\/2023\/06\/MP_3695-aspect-ratio-630-630-2-1024x1024.jpg","large-width":1024,"large-height":1024,"1536x1536":"https:\/\/viktor-solothurn.ch\/app\/uploads\/2023\/06\/MP_3695-aspect-ratio-630-630-2-1536x1536.jpg","1536x1536-width":1536,"1536x1536-height":1536,"2048x2048":"https:\/\/viktor-solothurn.ch\/app\/uploads\/2023\/06\/MP_3695-aspect-ratio-630-630-2.jpg","2048x2048-width":1667,"2048x2048-height":1667},"original_image":{"ID":4247,"id":4247,"title":"_MP_3695","filename":"MP_3695.jpg","filesize":3327468,"url":"https:\/\/viktor-solothurn.ch\/app\/uploads\/2023\/06\/MP_3695.jpg","link":"https:\/\/viktor-solothurn.ch\/fr\/home\/_mp_3695-2\/","alt":"","author":"4","description":"","caption":"","name":"_mp_3695-2","status":"inherit","uploaded_to":3599,"date":"2023-06-02 08:14:59","modified":"2023-06-02 08:14:59","menu_order":0,"mime_type":"image\/jpeg","type":"image","subtype":"jpeg","icon":"https:\/\/viktor-solothurn.ch\/wp\/wp-includes\/images\/media\/default.png","width":2500,"height":1667,"sizes":{"thumbnail":"https:\/\/viktor-solothurn.ch\/app\/uploads\/2023\/06\/MP_3695-150x150.jpg","thumbnail-width":150,"thumbnail-height":150,"medium":"https:\/\/viktor-solothurn.ch\/app\/uploads\/2023\/06\/MP_3695-300x200.jpg","medium-width":300,"medium-height":200,"medium_large":"https:\/\/viktor-solothurn.ch\/app\/uploads\/2023\/06\/MP_3695-768x512.jpg","medium_large-width":768,"medium_large-height":512,"large":"https:\/\/viktor-solothurn.ch\/app\/uploads\/2023\/06\/MP_3695-1024x683.jpg","large-width":1024,"large-height":683,"1536x1536":"https:\/\/viktor-solothurn.ch\/app\/uploads\/2023\/06\/MP_3695-1536x1024.jpg","1536x1536-width":1536,"1536x1536-height":1024,"2048x2048":"https:\/\/viktor-solothurn.ch\/app\/uploads\/2023\/06\/MP_3695-2048x1366.jpg","2048x2048-width":2048,"2048x2048-height":1366}}},"image-mobile":{"ID":4366,"id":4366,"title":"MP_3695-aspect-ratio-630-756","filename":"MP_3695-aspect-ratio-630-756-2.jpg","filesize":401640,"url":"https:\/\/viktor-solothurn.ch\/app\/uploads\/2023\/06\/MP_3695-aspect-ratio-630-756-2.jpg","link":"https:\/\/viktor-solothurn.ch\/fr\/horaires-douverture\/mp_3695-aspect-ratio-630-756\/","alt":"","author":"4","description":"","caption":"","name":"mp_3695-aspect-ratio-630-756","status":"inherit","uploaded_to":3628,"date":"2023-06-02 08:56:18","modified":"2023-06-02 08:56:31","menu_order":0,"mime_type":"image\/jpeg","type":"image","subtype":"jpeg","icon":"https:\/\/viktor-solothurn.ch\/wp\/wp-includes\/images\/media\/default.png","width":1389,"height":1667,"sizes":{"thumbnail":"https:\/\/viktor-solothurn.ch\/app\/uploads\/2023\/06\/MP_3695-aspect-ratio-630-756-2-150x150.jpg","thumbnail-width":150,"thumbnail-height":150,"medium":"https:\/\/viktor-solothurn.ch\/app\/uploads\/2023\/06\/MP_3695-aspect-ratio-630-756-2-250x300.jpg","medium-width":250,"medium-height":300,"medium_large":"https:\/\/viktor-solothurn.ch\/app\/uploads\/2023\/06\/MP_3695-aspect-ratio-630-756-2-768x922.jpg","medium_large-width":768,"medium_large-height":922,"large":"https:\/\/viktor-solothurn.ch\/app\/uploads\/2023\/06\/MP_3695-aspect-ratio-630-756-2-853x1024.jpg","large-width":853,"large-height":1024,"1536x1536":"https:\/\/viktor-solothurn.ch\/app\/uploads\/2023\/06\/MP_3695-aspect-ratio-630-756-2-1280x1536.jpg","1536x1536-width":1280,"1536x1536-height":1536,"2048x2048":"https:\/\/viktor-solothurn.ch\/app\/uploads\/2023\/06\/MP_3695-aspect-ratio-630-756-2.jpg","2048x2048-width":1389,"2048x2048-height":1667},"original_image":{"ID":4247,"id":4247,"title":"_MP_3695","filename":"MP_3695.jpg","filesize":3327468,"url":"https:\/\/viktor-solothurn.ch\/app\/uploads\/2023\/06\/MP_3695.jpg","link":"https:\/\/viktor-solothurn.ch\/fr\/home\/_mp_3695-2\/","alt":"","author":"4","description":"","caption":"","name":"_mp_3695-2","status":"inherit","uploaded_to":3599,"date":"2023-06-02 08:14:59","modified":"2023-06-02 08:14:59","menu_order":0,"mime_type":"image\/jpeg","type":"image","subtype":"jpeg","icon":"https:\/\/viktor-solothurn.ch\/wp\/wp-includes\/images\/media\/default.png","width":2500,"height":1667,"sizes":{"thumbnail":"https:\/\/viktor-solothurn.ch\/app\/uploads\/2023\/06\/MP_3695-150x150.jpg","thumbnail-width":150,"thumbnail-height":150,"medium":"https:\/\/viktor-solothurn.ch\/app\/uploads\/2023\/06\/MP_3695-300x200.jpg","medium-width":300,"medium-height":200,"medium_large":"https:\/\/viktor-solothurn.ch\/app\/uploads\/2023\/06\/MP_3695-768x512.jpg","medium_large-width":768,"medium_large-height":512,"large":"https:\/\/viktor-solothurn.ch\/app\/uploads\/2023\/06\/MP_3695-1024x683.jpg","large-width":1024,"large-height":683,"1536x1536":"https:\/\/viktor-solothurn.ch\/app\/uploads\/2023\/06\/MP_3695-1536x1024.jpg","1536x1536-width":1536,"1536x1536-height":1024,"2048x2048":"https:\/\/viktor-solothurn.ch\/app\/uploads\/2023\/06\/MP_3695-2048x1366.jpg","2048x2048-width":2048,"2048x2048-height":1366}}},"show_additional_images":false,"additional_images":false,"cta-show":true,"cta":{"link":{"title":"D\u00e9couvrir le menu","url":"\/essen-und-trinken\/","target":""},"icon":"restaurant"}}}],"home_elements":{"elements":[{"acf_fc_layout":"image-text-teaser","image-text-teaser":{"placement-image":"left","background":"false","":null,"text":"<h2>Horaires d&#8217;ouverture<\/h2>\n<p>Lundi : 09.00 \u00e0 18.30<br \/>\nMardi : ferm\u00e9<br \/>\nMercredi : 09.00 \u00e0 18.30<br \/>\nJeudi : 09.00 \u00e0 18.30<br \/>\nVendredi : 09.00 \u00e0 18.30<br \/>\nSamedi : 08.00 \u00e0 18.30<br \/>\nDimanche : ferm\u00e9<\/p>\n<p>&nbsp;<\/p>\n<p><a href=\"https:\/\/viktor-solothurn.ch\/oeffnungszeiten\/\">Heures d&#8217;ouverture sp\u00e9ciales<\/a><\/p>\n<p>&nbsp;<\/p>\n<p><strong>Louer Viktor en exclusivit\u00e9<\/strong><br \/>\nViktor est id\u00e9al pour les petits groupes et peut \u00eatre lou\u00e9 en exclusivit\u00e9, m\u00eame en dehors des heures d&#8217;ouverture. Toutes les informations <a href=\"https:\/\/viktor-solothurn.ch\/fr\/manger-et-boire\/apero\/\" target=\"_blank\" rel=\"noopener\">ici<\/a><\/p>\n","link":"","image":{"ID":4363,"id":4363,"title":"MP_3695-aspect-ratio-630-630","filename":"MP_3695-aspect-ratio-630-630-2.jpg","filesize":463519,"url":"https:\/\/viktor-solothurn.ch\/app\/uploads\/2023\/06\/MP_3695-aspect-ratio-630-630-2.jpg","link":"https:\/\/viktor-solothurn.ch\/fr\/horaires-douverture\/mp_3695-aspect-ratio-630-630\/","alt":"","author":"4","description":"","caption":"","name":"mp_3695-aspect-ratio-630-630","status":"inherit","uploaded_to":3628,"date":"2023-06-02 08:55:54","modified":"2023-06-02 08:56:31","menu_order":0,"mime_type":"image\/jpeg","type":"image","subtype":"jpeg","icon":"https:\/\/viktor-solothurn.ch\/wp\/wp-includes\/images\/media\/default.png","width":1667,"height":1667,"sizes":{"thumbnail":"https:\/\/viktor-solothurn.ch\/app\/uploads\/2023\/06\/MP_3695-aspect-ratio-630-630-2-150x150.jpg","thumbnail-width":150,"thumbnail-height":150,"medium":"https:\/\/viktor-solothurn.ch\/app\/uploads\/2023\/06\/MP_3695-aspect-ratio-630-630-2-300x300.jpg","medium-width":300,"medium-height":300,"medium_large":"https:\/\/viktor-solothurn.ch\/app\/uploads\/2023\/06\/MP_3695-aspect-ratio-630-630-2-768x768.jpg","medium_large-width":768,"medium_large-height":768,"large":"https:\/\/viktor-solothurn.ch\/app\/uploads\/2023\/06\/MP_3695-aspect-ratio-630-630-2-1024x1024.jpg","large-width":1024,"large-height":1024,"1536x1536":"https:\/\/viktor-solothurn.ch\/app\/uploads\/2023\/06\/MP_3695-aspect-ratio-630-630-2-1536x1536.jpg","1536x1536-width":1536,"1536x1536-height":1536,"2048x2048":"https:\/\/viktor-solothurn.ch\/app\/uploads\/2023\/06\/MP_3695-aspect-ratio-630-630-2.jpg","2048x2048-width":1667,"2048x2048-height":1667},"original_image":{"ID":4247,"id":4247,"title":"_MP_3695","filename":"MP_3695.jpg","filesize":3327468,"url":"https:\/\/viktor-solothurn.ch\/app\/uploads\/2023\/06\/MP_3695.jpg","link":"https:\/\/viktor-solothurn.ch\/fr\/home\/_mp_3695-2\/","alt":"","author":"4","description":"","caption":"","name":"_mp_3695-2","status":"inherit","uploaded_to":3599,"date":"2023-06-02 08:14:59","modified":"2023-06-02 08:14:59","menu_order":0,"mime_type":"image\/jpeg","type":"image","subtype":"jpeg","icon":"https:\/\/viktor-solothurn.ch\/wp\/wp-includes\/images\/media\/default.png","width":2500,"height":1667,"sizes":{"thumbnail":"https:\/\/viktor-solothurn.ch\/app\/uploads\/2023\/06\/MP_3695-150x150.jpg","thumbnail-width":150,"thumbnail-height":150,"medium":"https:\/\/viktor-solothurn.ch\/app\/uploads\/2023\/06\/MP_3695-300x200.jpg","medium-width":300,"medium-height":200,"medium_large":"https:\/\/viktor-solothurn.ch\/app\/uploads\/2023\/06\/MP_3695-768x512.jpg","medium_large-width":768,"medium_large-height":512,"large":"https:\/\/viktor-solothurn.ch\/app\/uploads\/2023\/06\/MP_3695-1024x683.jpg","large-width":1024,"large-height":683,"1536x1536":"https:\/\/viktor-solothurn.ch\/app\/uploads\/2023\/06\/MP_3695-1536x1024.jpg","1536x1536-width":1536,"1536x1536-height":1024,"2048x2048":"https:\/\/viktor-solothurn.ch\/app\/uploads\/2023\/06\/MP_3695-2048x1366.jpg","2048x2048-width":2048,"2048x2048-height":1366}}},"image-mobile":{"ID":4366,"id":4366,"title":"MP_3695-aspect-ratio-630-756","filename":"MP_3695-aspect-ratio-630-756-2.jpg","filesize":401640,"url":"https:\/\/viktor-solothurn.ch\/app\/uploads\/2023\/06\/MP_3695-aspect-ratio-630-756-2.jpg","link":"https:\/\/viktor-solothurn.ch\/fr\/horaires-douverture\/mp_3695-aspect-ratio-630-756\/","alt":"","author":"4","description":"","caption":"","name":"mp_3695-aspect-ratio-630-756","status":"inherit","uploaded_to":3628,"date":"2023-06-02 08:56:18","modified":"2023-06-02 08:56:31","menu_order":0,"mime_type":"image\/jpeg","type":"image","subtype":"jpeg","icon":"https:\/\/viktor-solothurn.ch\/wp\/wp-includes\/images\/media\/default.png","width":1389,"height":1667,"sizes":{"thumbnail":"https:\/\/viktor-solothurn.ch\/app\/uploads\/2023\/06\/MP_3695-aspect-ratio-630-756-2-150x150.jpg","thumbnail-width":150,"thumbnail-height":150,"medium":"https:\/\/viktor-solothurn.ch\/app\/uploads\/2023\/06\/MP_3695-aspect-ratio-630-756-2-250x300.jpg","medium-width":250,"medium-height":300,"medium_large":"https:\/\/viktor-solothurn.ch\/app\/uploads\/2023\/06\/MP_3695-aspect-ratio-630-756-2-768x922.jpg","medium_large-width":768,"medium_large-height":922,"large":"https:\/\/viktor-solothurn.ch\/app\/uploads\/2023\/06\/MP_3695-aspect-ratio-630-756-2-853x1024.jpg","large-width":853,"large-height":1024,"1536x1536":"https:\/\/viktor-solothurn.ch\/app\/uploads\/2023\/06\/MP_3695-aspect-ratio-630-756-2-1280x1536.jpg","1536x1536-width":1280,"1536x1536-height":1536,"2048x2048":"https:\/\/viktor-solothurn.ch\/app\/uploads\/2023\/06\/MP_3695-aspect-ratio-630-756-2.jpg","2048x2048-width":1389,"2048x2048-height":1667},"original_image":{"ID":4247,"id":4247,"title":"_MP_3695","filename":"MP_3695.jpg","filesize":3327468,"url":"https:\/\/viktor-solothurn.ch\/app\/uploads\/2023\/06\/MP_3695.jpg","link":"https:\/\/viktor-solothurn.ch\/fr\/home\/_mp_3695-2\/","alt":"","author":"4","description":"","caption":"","name":"_mp_3695-2","status":"inherit","uploaded_to":3599,"date":"2023-06-02 08:14:59","modified":"2023-06-02 08:14:59","menu_order":0,"mime_type":"image\/jpeg","type":"image","subtype":"jpeg","icon":"https:\/\/viktor-solothurn.ch\/wp\/wp-includes\/images\/media\/default.png","width":2500,"height":1667,"sizes":{"thumbnail":"https:\/\/viktor-solothurn.ch\/app\/uploads\/2023\/06\/MP_3695-150x150.jpg","thumbnail-width":150,"thumbnail-height":150,"medium":"https:\/\/viktor-solothurn.ch\/app\/uploads\/2023\/06\/MP_3695-300x200.jpg","medium-width":300,"medium-height":200,"medium_large":"https:\/\/viktor-solothurn.ch\/app\/uploads\/2023\/06\/MP_3695-768x512.jpg","medium_large-width":768,"medium_large-height":512,"large":"https:\/\/viktor-solothurn.ch\/app\/uploads\/2023\/06\/MP_3695-1024x683.jpg","large-width":1024,"large-height":683,"1536x1536":"https:\/\/viktor-solothurn.ch\/app\/uploads\/2023\/06\/MP_3695-1536x1024.jpg","1536x1536-width":1536,"1536x1536-height":1024,"2048x2048":"https:\/\/viktor-solothurn.ch\/app\/uploads\/2023\/06\/MP_3695-2048x1366.jpg","2048x2048-width":2048,"2048x2048-height":1366}}},"show_additional_images":false,"additional_images":false,"cta-show":true,"cta":{"link":{"title":"D\u00e9couvrir le menu","url":"\/essen-und-trinken\/","target":""},"icon":"restaurant"}}}]},"seo":{"active":true,"title":"","text":"","image":false,"keywords":""},"subpage_entry":{"title":"<p>\u00d6ffnungszeiten<\/p>\n","text-sections":[{"subtitle":"","text":"<h2 style=\"text-align: left;\">Le Restaurant<\/h2>\n<p style=\"text-align: left;\">Montag bis Samstag<br \/>\n12 bis 14 Uhr<br \/>\n18 bis 22 Uhr<\/p>\n<p>&nbsp;<\/p>\n<p>Sonntag Ruhetag: Wir empfehlen Ihnen den Besuch einen unserer sch\u00f6nen Partnerbetriebe <a href=\"https:\/\/www.baseltor.ch\/\" target=\"_blank\" rel=\"noopener\">Baseltor<\/a>, <a href=\"https:\/\/www.solheure.ch\/\" target=\"_blank\" rel=\"noopener\">Solheure<\/a> oder <a href=\"https:\/\/www.restaurant-salzhaus.ch\/\" target=\"_blank\" rel=\"noopener\">Salzhaus<\/a><\/p>\n<p>&nbsp;<\/p>\n<p>&nbsp;<\/p>\n<h2 style=\"text-align: left;\">Bar \u00e0 Vin<\/h2>\n<p style=\"text-align: left;\">Montag bis Samstag<br \/>\n7 bis 23 Uhr<\/p>\n"}],"link-lists":false,"image-element":{"image":false,"caption":""}},"subpage_elements":{"elements":[{"acf_fc_layout":"image-text-teaser","image-text-teaser":{"placement-image":"left","background":"false","":null,"text":"<h2>Horaires d&#8217;ouverture<\/h2>\n<p>Lundi : 09.00 \u00e0 18.30<br \/>\nMardi : ferm\u00e9<br \/>\nMercredi : 09.00 \u00e0 18.30<br \/>\nJeudi : 09.00 \u00e0 18.30<br \/>\nVendredi : 09.00 \u00e0 18.30<br \/>\nSamedi : 08.00 \u00e0 18.30<br \/>\nDimanche : ferm\u00e9<\/p>\n<p>&nbsp;<\/p>\n<p><a href=\"https:\/\/viktor-solothurn.ch\/oeffnungszeiten\/\">Heures d&#8217;ouverture sp\u00e9ciales<\/a><\/p>\n<p>&nbsp;<\/p>\n<p><strong>Louer Viktor en exclusivit\u00e9<\/strong><br \/>\nViktor est id\u00e9al pour les petits groupes et peut \u00eatre lou\u00e9 en exclusivit\u00e9, m\u00eame en dehors des heures d&#8217;ouverture. Toutes les informations <a href=\"https:\/\/viktor-solothurn.ch\/fr\/manger-et-boire\/apero\/\" target=\"_blank\" rel=\"noopener\">ici<\/a><\/p>\n","link":"","image":{"ID":4363,"id":4363,"title":"MP_3695-aspect-ratio-630-630","filename":"MP_3695-aspect-ratio-630-630-2.jpg","filesize":463519,"url":"https:\/\/viktor-solothurn.ch\/app\/uploads\/2023\/06\/MP_3695-aspect-ratio-630-630-2.jpg","link":"https:\/\/viktor-solothurn.ch\/fr\/horaires-douverture\/mp_3695-aspect-ratio-630-630\/","alt":"","author":"4","description":"","caption":"","name":"mp_3695-aspect-ratio-630-630","status":"inherit","uploaded_to":3628,"date":"2023-06-02 08:55:54","modified":"2023-06-02 08:56:31","menu_order":0,"mime_type":"image\/jpeg","type":"image","subtype":"jpeg","icon":"https:\/\/viktor-solothurn.ch\/wp\/wp-includes\/images\/media\/default.png","width":1667,"height":1667,"sizes":{"thumbnail":"https:\/\/viktor-solothurn.ch\/app\/uploads\/2023\/06\/MP_3695-aspect-ratio-630-630-2-150x150.jpg","thumbnail-width":150,"thumbnail-height":150,"medium":"https:\/\/viktor-solothurn.ch\/app\/uploads\/2023\/06\/MP_3695-aspect-ratio-630-630-2-300x300.jpg","medium-width":300,"medium-height":300,"medium_large":"https:\/\/viktor-solothurn.ch\/app\/uploads\/2023\/06\/MP_3695-aspect-ratio-630-630-2-768x768.jpg","medium_large-width":768,"medium_large-height":768,"large":"https:\/\/viktor-solothurn.ch\/app\/uploads\/2023\/06\/MP_3695-aspect-ratio-630-630-2-1024x1024.jpg","large-width":1024,"large-height":1024,"1536x1536":"https:\/\/viktor-solothurn.ch\/app\/uploads\/2023\/06\/MP_3695-aspect-ratio-630-630-2-1536x1536.jpg","1536x1536-width":1536,"1536x1536-height":1536,"2048x2048":"https:\/\/viktor-solothurn.ch\/app\/uploads\/2023\/06\/MP_3695-aspect-ratio-630-630-2.jpg","2048x2048-width":1667,"2048x2048-height":1667},"original_image":{"ID":4247,"id":4247,"title":"_MP_3695","filename":"MP_3695.jpg","filesize":3327468,"url":"https:\/\/viktor-solothurn.ch\/app\/uploads\/2023\/06\/MP_3695.jpg","link":"https:\/\/viktor-solothurn.ch\/fr\/home\/_mp_3695-2\/","alt":"","author":"4","description":"","caption":"","name":"_mp_3695-2","status":"inherit","uploaded_to":3599,"date":"2023-06-02 08:14:59","modified":"2023-06-02 08:14:59","menu_order":0,"mime_type":"image\/jpeg","type":"image","subtype":"jpeg","icon":"https:\/\/viktor-solothurn.ch\/wp\/wp-includes\/images\/media\/default.png","width":2500,"height":1667,"sizes":{"thumbnail":"https:\/\/viktor-solothurn.ch\/app\/uploads\/2023\/06\/MP_3695-150x150.jpg","thumbnail-width":150,"thumbnail-height":150,"medium":"https:\/\/viktor-solothurn.ch\/app\/uploads\/2023\/06\/MP_3695-300x200.jpg","medium-width":300,"medium-height":200,"medium_large":"https:\/\/viktor-solothurn.ch\/app\/uploads\/2023\/06\/MP_3695-768x512.jpg","medium_large-width":768,"medium_large-height":512,"large":"https:\/\/viktor-solothurn.ch\/app\/uploads\/2023\/06\/MP_3695-1024x683.jpg","large-width":1024,"large-height":683,"1536x1536":"https:\/\/viktor-solothurn.ch\/app\/uploads\/2023\/06\/MP_3695-1536x1024.jpg","1536x1536-width":1536,"1536x1536-height":1024,"2048x2048":"https:\/\/viktor-solothurn.ch\/app\/uploads\/2023\/06\/MP_3695-2048x1366.jpg","2048x2048-width":2048,"2048x2048-height":1366}}},"image-mobile":{"ID":4366,"id":4366,"title":"MP_3695-aspect-ratio-630-756","filename":"MP_3695-aspect-ratio-630-756-2.jpg","filesize":401640,"url":"https:\/\/viktor-solothurn.ch\/app\/uploads\/2023\/06\/MP_3695-aspect-ratio-630-756-2.jpg","link":"https:\/\/viktor-solothurn.ch\/fr\/horaires-douverture\/mp_3695-aspect-ratio-630-756\/","alt":"","author":"4","description":"","caption":"","name":"mp_3695-aspect-ratio-630-756","status":"inherit","uploaded_to":3628,"date":"2023-06-02 08:56:18","modified":"2023-06-02 08:56:31","menu_order":0,"mime_type":"image\/jpeg","type":"image","subtype":"jpeg","icon":"https:\/\/viktor-solothurn.ch\/wp\/wp-includes\/images\/media\/default.png","width":1389,"height":1667,"sizes":{"thumbnail":"https:\/\/viktor-solothurn.ch\/app\/uploads\/2023\/06\/MP_3695-aspect-ratio-630-756-2-150x150.jpg","thumbnail-width":150,"thumbnail-height":150,"medium":"https:\/\/viktor-solothurn.ch\/app\/uploads\/2023\/06\/MP_3695-aspect-ratio-630-756-2-250x300.jpg","medium-width":250,"medium-height":300,"medium_large":"https:\/\/viktor-solothurn.ch\/app\/uploads\/2023\/06\/MP_3695-aspect-ratio-630-756-2-768x922.jpg","medium_large-width":768,"medium_large-height":922,"large":"https:\/\/viktor-solothurn.ch\/app\/uploads\/2023\/06\/MP_3695-aspect-ratio-630-756-2-853x1024.jpg","large-width":853,"large-height":1024,"1536x1536":"https:\/\/viktor-solothurn.ch\/app\/uploads\/2023\/06\/MP_3695-aspect-ratio-630-756-2-1280x1536.jpg","1536x1536-width":1280,"1536x1536-height":1536,"2048x2048":"https:\/\/viktor-solothurn.ch\/app\/uploads\/2023\/06\/MP_3695-aspect-ratio-630-756-2.jpg","2048x2048-width":1389,"2048x2048-height":1667},"original_image":{"ID":4247,"id":4247,"title":"_MP_3695","filename":"MP_3695.jpg","filesize":3327468,"url":"https:\/\/viktor-solothurn.ch\/app\/uploads\/2023\/06\/MP_3695.jpg","link":"https:\/\/viktor-solothurn.ch\/fr\/home\/_mp_3695-2\/","alt":"","author":"4","description":"","caption":"","name":"_mp_3695-2","status":"inherit","uploaded_to":3599,"date":"2023-06-02 08:14:59","modified":"2023-06-02 08:14:59","menu_order":0,"mime_type":"image\/jpeg","type":"image","subtype":"jpeg","icon":"https:\/\/viktor-solothurn.ch\/wp\/wp-includes\/images\/media\/default.png","width":2500,"height":1667,"sizes":{"thumbnail":"https:\/\/viktor-solothurn.ch\/app\/uploads\/2023\/06\/MP_3695-150x150.jpg","thumbnail-width":150,"thumbnail-height":150,"medium":"https:\/\/viktor-solothurn.ch\/app\/uploads\/2023\/06\/MP_3695-300x200.jpg","medium-width":300,"medium-height":200,"medium_large":"https:\/\/viktor-solothurn.ch\/app\/uploads\/2023\/06\/MP_3695-768x512.jpg","medium_large-width":768,"medium_large-height":512,"large":"https:\/\/viktor-solothurn.ch\/app\/uploads\/2023\/06\/MP_3695-1024x683.jpg","large-width":1024,"large-height":683,"1536x1536":"https:\/\/viktor-solothurn.ch\/app\/uploads\/2023\/06\/MP_3695-1536x1024.jpg","1536x1536-width":1536,"1536x1536-height":1024,"2048x2048":"https:\/\/viktor-solothurn.ch\/app\/uploads\/2023\/06\/MP_3695-2048x1366.jpg","2048x2048-width":2048,"2048x2048-height":1366}}},"show_additional_images":false,"additional_images":false,"cta-show":true,"cta":{"link":{"title":"D\u00e9couvrir le menu","url":"\/essen-und-trinken\/","target":""},"icon":"restaurant"}}}]}},"_links":{"self":[{"href":"https:\/\/viktor-solothurn.ch\/fr\/wp-json\/wp\/v2\/pages\/3628","targetHints":{"allow":["GET"]}}],"collection":[{"href":"https:\/\/viktor-solothurn.ch\/fr\/wp-json\/wp\/v2\/pages"}],"about":[{"href":"https:\/\/viktor-solothurn.ch\/fr\/wp-json\/wp\/v2\/types\/page"}],"author":[{"embeddable":true,"href":"https:\/\/viktor-solothurn.ch\/fr\/wp-json\/wp\/v2\/users\/2"}],"replies":[{"embeddable":true,"href":"https:\/\/viktor-solothurn.ch\/fr\/wp-json\/wp\/v2\/comments?post=3628"}],"version-history":[{"count":25,"href":"https:\/\/viktor-solothurn.ch\/fr\/wp-json\/wp\/v2\/pages\/3628\/revisions"}],"predecessor-version":[{"id":4595,"href":"https:\/\/viktor-solothurn.ch\/fr\/wp-json\/wp\/v2\/pages\/3628\/revisions\/4595"}],"wp:attachment":[{"href":"https:\/\/viktor-solothurn.ch\/fr\/wp-json\/wp\/v2\/media?parent=3628"}],"curies":[{"name":"wp","href":"https:\/\/api.w.org\/{rel}","templated":true}]}}