{"id":3631,"date":"2021-08-27T15:19:47","date_gmt":"2021-08-27T15:19:47","guid":{"rendered":"https:\/\/viktor-solothurn.ch\/gutscheine\/"},"modified":"2022-07-21T07:50:06","modified_gmt":"2022-07-21T07:50:06","slug":"bons-cadeaux","status":"publish","type":"page","link":"https:\/\/viktor-solothurn.ch\/fr\/bons-cadeaux\/","title":{"rendered":"Bons cadeaux"},"content":{"rendered":"","protected":false},"excerpt":{"rendered":"","protected":false},"author":1,"featured_media":0,"parent":0,"menu_order":44,"comment_status":"closed","ping_status":"closed","template":"views\/template-subpage.blade.php","meta":{"_acf_changed":false,"inline_featured_image":false},"class_list":["post-3631","page","type-page","status-publish","hentry"],"acf":{"subpage_entry":{"title":"<h1>Bons cadeaux<\/h1>\n","text-sections":[{"subtitle":"Bon d'achat Viktor","text":"<p>Viktor existe aussi sous forme de bon ! Le montant peut \u00eatre choisi librement et il peut \u00eatre retir\u00e9 directement chez nous au comptoir. Tu peux aussi le commander dans le online-shop, directement dans ta inbox.\u00a0Il n&#8217;y a pas plus simple que d&#8217;offrir des exp\u00e9riences agr\u00e9ables.<\/p>\n"},{"subtitle":"C'est aussi simple que \u00e7a","text":"<p>Le bon peux \u00eatre retir\u00e9s directement \u00e0 notre comptoir pendant les heures d&#8217;ouverture ou online : Indique le montant et tu auras un excellent cadeau qui fera non seulement plaisir \u00e0 la personne qui le recevra, mais qui soutiendra \u00e9galement la sc\u00e8ne gastronomique locale !<\/p>\n"}],"link-lists":[{"title":"","entries":[{"typ":"voucher","link":{"title":"Online Shop print@home","url":"https:\/\/shop.e-vou.com\/?companyid=3&locationid=45&lang=de&PHPSESSID=b66a9fb5a400155a1da796d22176814b","target":""},"file":false,"label":"Online-Shop print@home","url":"https:\/\/shop.e-vou.com\/?companyid=3&locationid=45&lang=de"}]}],"image-element":{"image":false,"caption":""}},"elements":false,"subpage_elements":{"elements":false},"seo":{"active":true,"title":"","text":"","image":false,"keywords":""}},"_links":{"self":[{"href":"https:\/\/viktor-solothurn.ch\/fr\/wp-json\/wp\/v2\/pages\/3631","targetHints":{"allow":["GET"]}}],"collection":[{"href":"https:\/\/viktor-solothurn.ch\/fr\/wp-json\/wp\/v2\/pages"}],"about":[{"href":"https:\/\/viktor-solothurn.ch\/fr\/wp-json\/wp\/v2\/types\/page"}],"author":[{"embeddable":true,"href":"https:\/\/viktor-solothurn.ch\/fr\/wp-json\/wp\/v2\/users\/1"}],"replies":[{"embeddable":true,"href":"https:\/\/viktor-solothurn.ch\/fr\/wp-json\/wp\/v2\/comments?post=3631"}],"version-history":[{"count":6,"href":"https:\/\/viktor-solothurn.ch\/fr\/wp-json\/wp\/v2\/pages\/3631\/revisions"}],"predecessor-version":[{"id":3956,"href":"https:\/\/viktor-solothurn.ch\/fr\/wp-json\/wp\/v2\/pages\/3631\/revisions\/3956"}],"wp:attachment":[{"href":"https:\/\/viktor-solothurn.ch\/fr\/wp-json\/wp\/v2\/media?parent=3631"}],"curies":[{"name":"wp","href":"https:\/\/api.w.org\/{rel}","templated":true}]}}